{"id":20,"date":"2010-07-02T07:53:16","date_gmt":"2010-07-02T07:53:16","guid":{"rendered":"http:\/\/alpineselection.se\/?page_id=20"},"modified":"2019-01-14T16:07:57","modified_gmt":"2019-01-14T15:07:57","slug":"startsida","status":"publish","type":"page","link":"https:\/\/softsocialclub.se\/","title":{"rendered":"Startsida"},"content":{"rendered":"\n<div class=\"wp-block-image\"><figure class=\"aligncenter\"><img loading=\"lazy\" decoding=\"async\" width=\"250\" height=\"166\" src=\"http:\/\/softsocialclub.se\/wp-content\/uploads\/2010\/11\/soft.png\" alt=\"\" class=\"wp-image-431\"\/><\/figure><\/div>\n\n\n<p style=\"text-align: center;\">\u00a0<\/p>\n<h2 style=\"text-align: center;\"><u><strong>Underh\u00e5llning av hemsidan p\u00e5g\u00e5r , under tiden f\u00f6lj oss p\u00e5 <a href=\"https:\/\/www.facebook.com\/SoftSocialClub\/\">Facebook<\/a><br \/><\/strong><br \/><a href=\"https:\/\/www.facebook.com\/SoftSocialClub\/\"><img loading=\"lazy\" decoding=\"async\" class=\"alignnone wp-image-880 \" src=\"http:\/\/softsocialclub.se\/wp-content\/uploads\/2019\/01\/default_facebook-1.png\" alt=\"\" width=\"65\" height=\"65\" \/><\/a><br \/><br \/><br \/><\/u><\/h2>\n\n\n<ul class=\"wp-block-gallery columns-3 is-cropped wp-block-gallery-1 is-layout-flex wp-block-gallery-is-layout-flex\"><li class=\"blocks-gallery-item\"><figure><img loading=\"lazy\" decoding=\"async\" width=\"1024\" height=\"1024\" src=\"http:\/\/softsocialclub.se\/wp-content\/uploads\/2010\/12\/Pizza-Margherita-1024x1024.jpg\" alt=\"\" data-id=\"795\" data-link=\"http:\/\/softsocialclub.se\/?attachment_id=795\" class=\"wp-image-795\" srcset=\"https:\/\/softsocialclub.se\/wp-content\/uploads\/2010\/12\/Pizza-Margherita-1024x1024.jpg 1024w, https:\/\/softsocialclub.se\/wp-content\/uploads\/2010\/12\/Pizza-Margherita-150x150.jpg 150w, https:\/\/softsocialclub.se\/wp-content\/uploads\/2010\/12\/Pizza-Margherita-300x300.jpg 300w, https:\/\/softsocialclub.se\/wp-content\/uploads\/2010\/12\/Pizza-Margherita.jpg 1600w\" sizes=\"auto, (max-width: 1024px) 100vw, 1024px\" \/><\/figure><\/li><li class=\"blocks-gallery-item\"><figure><img loading=\"lazy\" decoding=\"async\" width=\"1024\" height=\"682\" src=\"http:\/\/softsocialclub.se\/wp-content\/uploads\/2010\/12\/Eld-i-ugnen-1024x682.jpg\" alt=\"\" data-id=\"793\" data-link=\"http:\/\/softsocialclub.se\/?attachment_id=793\" class=\"wp-image-793\" srcset=\"https:\/\/softsocialclub.se\/wp-content\/uploads\/2010\/12\/Eld-i-ugnen-1024x682.jpg 1024w, https:\/\/softsocialclub.se\/wp-content\/uploads\/2010\/12\/Eld-i-ugnen-300x200.jpg 300w, https:\/\/softsocialclub.se\/wp-content\/uploads\/2010\/12\/Eld-i-ugnen.jpg 1600w\" sizes=\"auto, (max-width: 1024px) 100vw, 1024px\" \/><\/figure><\/li><li class=\"blocks-gallery-item\"><figure><img loading=\"lazy\" decoding=\"async\" width=\"700\" height=\"450\" src=\"http:\/\/softsocialclub.se\/wp-content\/uploads\/2010\/11\/930_490910097608788_818157397_n.png\" alt=\"\" data-id=\"780\" data-link=\"http:\/\/softsocialclub.se\/?attachment_id=780\" class=\"wp-image-780\" srcset=\"https:\/\/softsocialclub.se\/wp-content\/uploads\/2010\/11\/930_490910097608788_818157397_n.png 700w, https:\/\/softsocialclub.se\/wp-content\/uploads\/2010\/11\/930_490910097608788_818157397_n-300x192.png 300w\" sizes=\"auto, (max-width: 700px) 100vw, 700px\" \/><\/figure><\/li><li class=\"blocks-gallery-item\"><figure><img loading=\"lazy\" decoding=\"async\" width=\"1024\" height=\"764\" src=\"http:\/\/softsocialclub.se\/wp-content\/uploads\/2010\/11\/Degbulle-kupad-hand-bw-1024x764.jpg\" alt=\"\" data-id=\"714\" data-link=\"http:\/\/softsocialclub.se\/?attachment_id=714\" class=\"wp-image-714\" srcset=\"https:\/\/softsocialclub.se\/wp-content\/uploads\/2010\/11\/Degbulle-kupad-hand-bw-1024x764.jpg 1024w, https:\/\/softsocialclub.se\/wp-content\/uploads\/2010\/11\/Degbulle-kupad-hand-bw-300x224.jpg 300w\" sizes=\"auto, (max-width: 1024px) 100vw, 1024px\" \/><\/figure><\/li><li class=\"blocks-gallery-item\"><figure><img loading=\"lazy\" decoding=\"async\" width=\"1024\" height=\"608\" src=\"http:\/\/softsocialclub.se\/wp-content\/uploads\/2010\/11\/pizza-done-1024x608.jpg\" alt=\"\" data-id=\"697\" data-link=\"http:\/\/softsocialclub.se\/?attachment_id=697\" class=\"wp-image-697\" srcset=\"https:\/\/softsocialclub.se\/wp-content\/uploads\/2010\/11\/pizza-done-1024x608.jpg 1024w, https:\/\/softsocialclub.se\/wp-content\/uploads\/2010\/11\/pizza-done-300x178.jpg 300w\" sizes=\"auto, (max-width: 1024px) 100vw, 1024px\" \/><\/figure><\/li><li class=\"blocks-gallery-item\"><figure><img loading=\"lazy\" decoding=\"async\" width=\"480\" height=\"190\" src=\"http:\/\/softsocialclub.se\/wp-content\/uploads\/2010\/12\/Pizza-obakad.jpg\" alt=\"\" data-id=\"695\" data-link=\"http:\/\/softsocialclub.se\/?attachment_id=695\" class=\"wp-image-695\" srcset=\"https:\/\/softsocialclub.se\/wp-content\/uploads\/2010\/12\/Pizza-obakad.jpg 480w, https:\/\/softsocialclub.se\/wp-content\/uploads\/2010\/12\/Pizza-obakad-300x118.jpg 300w\" sizes=\"auto, (max-width: 480px) 100vw, 480px\" \/><\/figure><\/li><li class=\"blocks-gallery-item\"><figure><img loading=\"lazy\" decoding=\"async\" width=\"1024\" height=\"768\" src=\"http:\/\/softsocialclub.se\/wp-content\/uploads\/2010\/12\/Pizza-ugn-1024x768.jpg\" alt=\"\" data-id=\"679\" data-link=\"http:\/\/softsocialclub.se\/?attachment_id=679\" class=\"wp-image-679\" srcset=\"https:\/\/softsocialclub.se\/wp-content\/uploads\/2010\/12\/Pizza-ugn-1024x768.jpg 1024w, https:\/\/softsocialclub.se\/wp-content\/uploads\/2010\/12\/Pizza-ugn-300x225.jpg 300w\" sizes=\"auto, (max-width: 1024px) 100vw, 1024px\" \/><\/figure><\/li><li class=\"blocks-gallery-item\"><figure><img loading=\"lazy\" decoding=\"async\" width=\"555\" height=\"284\" src=\"http:\/\/softsocialclub.se\/wp-content\/uploads\/2010\/12\/Front-page-Soft.jpg\" alt=\"\" data-id=\"536\" data-link=\"http:\/\/softsocialclub.se\/?attachment_id=536\" class=\"wp-image-536\" srcset=\"https:\/\/softsocialclub.se\/wp-content\/uploads\/2010\/12\/Front-page-Soft.jpg 555w, https:\/\/softsocialclub.se\/wp-content\/uploads\/2010\/12\/Front-page-Soft-300x153.jpg 300w\" sizes=\"auto, (max-width: 555px) 100vw, 555px\" \/><\/figure><\/li><\/ul>\n","protected":false},"excerpt":{"rendered":"<p>\u00a0 Underh\u00e5llning av hemsidan p\u00e5g\u00e5r , under tiden f\u00f6lj oss p\u00e5 Facebook<\/p>\n","protected":false},"author":1,"featured_media":0,"parent":0,"menu_order":0,"comment_status":"open","ping_status":"open","template":"page - nosidebar.php","meta":{"footnotes":""},"class_list":["post-20","page","type-page","status-publish","hentry"],"_links":{"self":[{"href":"https:\/\/softsocialclub.se\/index.php?rest_route=\/wp\/v2\/pages\/20","targetHints":{"allow":["GET"]}}],"collection":[{"href":"https:\/\/softsocialclub.se\/index.php?rest_route=\/wp\/v2\/pages"}],"about":[{"href":"https:\/\/softsocialclub.se\/index.php?rest_route=\/wp\/v2\/types\/page"}],"author":[{"embeddable":true,"href":"https:\/\/softsocialclub.se\/index.php?rest_route=\/wp\/v2\/users\/1"}],"replies":[{"embeddable":true,"href":"https:\/\/softsocialclub.se\/index.php?rest_route=%2Fwp%2Fv2%2Fcomments&post=20"}],"version-history":[{"count":30,"href":"https:\/\/softsocialclub.se\/index.php?rest_route=\/wp\/v2\/pages\/20\/revisions"}],"predecessor-version":[{"id":907,"href":"https:\/\/softsocialclub.se\/index.php?rest_route=\/wp\/v2\/pages\/20\/revisions\/907"}],"wp:attachment":[{"href":"https:\/\/softsocialclub.se\/index.php?rest_route=%2Fwp%2Fv2%2Fmedia&parent=20"}],"curies":[{"name":"wp","href":"https:\/\/api.w.org\/{rel}","templated":true}]}}